{"id":72,"date":"2010-03-10T18:08:38","date_gmt":"2010-03-10T18:08:38","guid":{"rendered":"https:\/\/jonglieren-in-freiburg.de\/?page_id=72"},"modified":"2021-09-03T09:36:39","modified_gmt":"2021-09-03T09:36:39","slug":"workshops","status":"publish","type":"page","link":"https:\/\/jonglieren-in-freiburg.de\/?page_id=72","title":{"rendered":"Workshops"},"content":{"rendered":"<p><img loading=\"lazy\" decoding=\"async\" class=\"alignleft size-large wp-image-1151\" src=\"https:\/\/jonglieren-in-freiburg.de\/wp-content\/uploads\/2018\/03\/DSC_3391-1-1024x683.jpg\" alt=\"\" width=\"840\" height=\"560\" srcset=\"https:\/\/jonglieren-in-freiburg.de\/wp-content\/uploads\/2018\/03\/DSC_3391-1-1024x683.jpg 1024w, https:\/\/jonglieren-in-freiburg.de\/wp-content\/uploads\/2018\/03\/DSC_3391-1-300x200.jpg 300w, https:\/\/jonglieren-in-freiburg.de\/wp-content\/uploads\/2018\/03\/DSC_3391-1-768x513.jpg 768w, https:\/\/jonglieren-in-freiburg.de\/wp-content\/uploads\/2018\/03\/DSC_3391-1-1200x801.jpg 1200w\" sizes=\"auto, (max-width: 709px) 85vw, (max-width: 909px) 67vw, (max-width: 1362px) 62vw, 840px\" \/>Ein Zauberer verr\u00e4t nie seine Tricks &#8211; also sei kein Zauberer!<\/p>\n<p>Jonglage lebt vom Austausch von Techniken und Tricks und entwickelt sich dadurch fort. Jeder, der einmal versucht hat einen Trick aus einem YouTube-Video zu \u00fcbernehmen, wei\u00df wie viel leichter (und geselliger) es ist, ihn pers\u00f6nlich beigebracht zu bekommen. Workshops w\u00e4hrend des Festivals sind der ideale Weg Neues zu lernen und etwas, das man besonders gut beherrscht, weiterzugeben. Jeder hat etwas zu zeigen und zu erkl\u00e4ren. Jeder Festivalteilnehmer ist daher eingeladen die Workshops zu besuchen und auch welche anzubieten. Auf dem Festival selbst gibt es eine Workshopwand, auf der ihr euch auf dem Laufenden halten, und eigene Workshops selbstst\u00e4ndig aush\u00e4ngen k\u00f6nnt. Eine Voranmeldung zu den Workshops ist nicht notwendig\/m\u00f6glich.<\/p>\n<p>Falls du Lust hast, beim Festival einen Workshop anzubieten, und du wei\u00dft das schon jetzt, <strong><a href=\"https:\/\/jonglieren-in-freiburg.de\/?page_id=16\" target=\"_self\" rel=\"noopener noreferrer\">schreib uns<\/a><span style=\"font-weight: normal;\"> bitte. <\/span><\/strong><strong><span style=\"font-weight: normal;\">Viele Workshops ergeben sich erfahrungsgem\u00e4\u00df spontan auf dem Festival. Bitte den aush\u00e4ngenden Plan in der Halle beachten!<\/span><\/strong><\/p>\n<div>&nbsp;<\/div>\n<p>Wenn dich interessiert, wie das offizielle Programm aussieht, dann findest du das <a href=\"https:\/\/jonglieren-in-freiburg.de\/?page_id=22\">hier<\/a>.<\/p>\n","protected":false},"excerpt":{"rendered":"<p>Ein Zauberer verr\u00e4t nie seine Tricks &#8211; also sei kein Zauberer! Jonglage lebt vom Austausch von Techniken und Tricks und entwickelt sich dadurch fort. Jeder, der einmal versucht hat einen Trick aus einem YouTube-Video zu \u00fcbernehmen, wei\u00df wie viel leichter (und geselliger) es ist, ihn pers\u00f6nlich beigebracht zu bekommen. Workshops w\u00e4hrend des Festivals sind der &hellip; <a href=\"https:\/\/jonglieren-in-freiburg.de\/?page_id=72\" class=\"more-link\"><span class=\"screen-reader-text\">&#8222;Workshops&#8220; <\/span>weiterlesen<\/a><\/p>\n","protected":false},"author":1,"featured_media":0,"parent":22,"menu_order":5,"comment_status":"closed","ping_status":"closed","template":"","meta":{"ngg_post_thumbnail":0,"footnotes":""},"class_list":["post-72","page","type-page","status-publish","hentry"],"_links":{"self":[{"href":"https:\/\/jonglieren-in-freiburg.de\/index.php?rest_route=\/wp\/v2\/pages\/72","targetHints":{"allow":["GET"]}}],"collection":[{"href":"https:\/\/jonglieren-in-freiburg.de\/index.php?rest_route=\/wp\/v2\/pages"}],"about":[{"href":"https:\/\/jonglieren-in-freiburg.de\/index.php?rest_route=\/wp\/v2\/types\/page"}],"author":[{"embeddable":true,"href":"https:\/\/jonglieren-in-freiburg.de\/index.php?rest_route=\/wp\/v2\/users\/1"}],"replies":[{"embeddable":true,"href":"https:\/\/jonglieren-in-freiburg.de\/index.php?rest_route=%2Fwp%2Fv2%2Fcomments&post=72"}],"version-history":[{"count":57,"href":"https:\/\/jonglieren-in-freiburg.de\/index.php?rest_route=\/wp\/v2\/pages\/72\/revisions"}],"predecessor-version":[{"id":2169,"href":"https:\/\/jonglieren-in-freiburg.de\/index.php?rest_route=\/wp\/v2\/pages\/72\/revisions\/2169"}],"up":[{"embeddable":true,"href":"https:\/\/jonglieren-in-freiburg.de\/index.php?rest_route=\/wp\/v2\/pages\/22"}],"wp:attachment":[{"href":"https:\/\/jonglieren-in-freiburg.de\/index.php?rest_route=%2Fwp%2Fv2%2Fmedia&parent=72"}],"curies":[{"name":"wp","href":"https:\/\/api.w.org\/{rel}","templated":true}]}}