{"id":67,"date":"2010-03-10T18:05:18","date_gmt":"2010-03-10T18:05:18","guid":{"rendered":"https:\/\/jonglieren-in-freiburg.de\/?page_id=67"},"modified":"2019-05-26T12:31:59","modified_gmt":"2019-05-26T12:31:59","slug":"open-stage","status":"publish","type":"page","link":"https:\/\/jonglieren-in-freiburg.de\/?page_id=67","title":{"rendered":"Open Stage"},"content":{"rendered":"<p>Donnerstagabend findet eine offene B\u00fchne statt, auf der wirklich jede und jeder seine eigene Nummer zeigen und ausprobieren kann. Wir sorgen dabei f\u00fcr eine entspannte Atmosph\u00e4re mit netter Moderation und nat\u00fcrlich allem, was zu einer B\u00fchne an Ton und Licht geh\u00f6rt. Falls ihr auftreten m\u00f6chtet, meldet euch gerne via Mail oder sagt am Donnerstag bei der Anmeldung Bescheid. Die offene B\u00fchne ist Teil des Festivals und nur f\u00fcr dessen Teilnehmende zug\u00e4nglich.<br \/>\n<img loading=\"lazy\" decoding=\"async\" class=\"size-medium wp-image-115 alignleft\" title=\"publikum_open_stage\" src=\"https:\/\/jonglieren-in-freiburg.de\/wp-content\/uploads\/2010\/03\/publikum_open_stage-300x117.jpg\" alt=\"\" width=\"300\" height=\"117\" srcset=\"https:\/\/jonglieren-in-freiburg.de\/wp-content\/uploads\/2010\/03\/publikum_open_stage-300x117.jpg 300w, https:\/\/jonglieren-in-freiburg.de\/wp-content\/uploads\/2010\/03\/publikum_open_stage.jpg 323w\" sizes=\"auto, (max-width: 300px) 85vw, 300px\" \/><\/p>\n","protected":false},"excerpt":{"rendered":"<p>Donnerstagabend findet eine offene B\u00fchne statt, auf der wirklich jede und jeder seine eigene Nummer zeigen und ausprobieren kann. Wir sorgen dabei f\u00fcr eine entspannte Atmosph\u00e4re mit netter Moderation und nat\u00fcrlich allem, was zu einer B\u00fchne an Ton und Licht geh\u00f6rt. Falls ihr auftreten m\u00f6chtet, meldet euch gerne via Mail oder sagt am Donnerstag bei &hellip; <a href=\"https:\/\/jonglieren-in-freiburg.de\/?page_id=67\" class=\"more-link\"><span class=\"screen-reader-text\">&#8222;Open Stage&#8220; <\/span>weiterlesen<\/a><\/p>\n","protected":false},"author":1,"featured_media":0,"parent":22,"menu_order":4,"comment_status":"closed","ping_status":"closed","template":"","meta":{"ngg_post_thumbnail":0,"footnotes":""},"class_list":["post-67","page","type-page","status-publish","hentry"],"_links":{"self":[{"href":"https:\/\/jonglieren-in-freiburg.de\/index.php?rest_route=\/wp\/v2\/pages\/67","targetHints":{"allow":["GET"]}}],"collection":[{"href":"https:\/\/jonglieren-in-freiburg.de\/index.php?rest_route=\/wp\/v2\/pages"}],"about":[{"href":"https:\/\/jonglieren-in-freiburg.de\/index.php?rest_route=\/wp\/v2\/types\/page"}],"author":[{"embeddable":true,"href":"https:\/\/jonglieren-in-freiburg.de\/index.php?rest_route=\/wp\/v2\/users\/1"}],"replies":[{"embeddable":true,"href":"https:\/\/jonglieren-in-freiburg.de\/index.php?rest_route=%2Fwp%2Fv2%2Fcomments&post=67"}],"version-history":[{"count":14,"href":"https:\/\/jonglieren-in-freiburg.de\/index.php?rest_route=\/wp\/v2\/pages\/67\/revisions"}],"predecessor-version":[{"id":1757,"href":"https:\/\/jonglieren-in-freiburg.de\/index.php?rest_route=\/wp\/v2\/pages\/67\/revisions\/1757"}],"up":[{"embeddable":true,"href":"https:\/\/jonglieren-in-freiburg.de\/index.php?rest_route=\/wp\/v2\/pages\/22"}],"wp:attachment":[{"href":"https:\/\/jonglieren-in-freiburg.de\/index.php?rest_route=%2Fwp%2Fv2%2Fmedia&parent=67"}],"curies":[{"name":"wp","href":"https:\/\/api.w.org\/{rel}","templated":true}]}}