{"id":34,"date":"2010-03-10T16:40:45","date_gmt":"2010-03-10T16:40:45","guid":{"rendered":"https:\/\/jonglieren-in-freiburg.de\/?page_id=34"},"modified":"2026-01-28T08:26:53","modified_gmt":"2026-01-28T08:26:53","slug":"wochentlicher-jongliertreff","status":"publish","type":"page","link":"https:\/\/jonglieren-in-freiburg.de\/?page_id=34","title":{"rendered":"W\u00f6chentliche Jongliertreffen in Freiburg"},"content":{"rendered":"\n<figure class=\"wp-block-image size-large is-style-rounded\"><a href=\"https:\/\/jonglieren-in-freiburg.de\/wp-content\/uploads\/2026\/01\/2025_12_Jongliertreff_Laufkugel.jpeg\"><img loading=\"lazy\" decoding=\"async\" width=\"1024\" height=\"684\" src=\"https:\/\/jonglieren-in-freiburg.de\/wp-content\/uploads\/2026\/01\/2025_12_Jongliertreff_Laufkugel-1024x684.jpeg\" alt=\"\" class=\"wp-image-3030\" srcset=\"https:\/\/jonglieren-in-freiburg.de\/wp-content\/uploads\/2026\/01\/2025_12_Jongliertreff_Laufkugel-1024x684.jpeg 1024w, https:\/\/jonglieren-in-freiburg.de\/wp-content\/uploads\/2026\/01\/2025_12_Jongliertreff_Laufkugel-300x200.jpeg 300w, https:\/\/jonglieren-in-freiburg.de\/wp-content\/uploads\/2026\/01\/2025_12_Jongliertreff_Laufkugel-768x513.jpeg 768w, https:\/\/jonglieren-in-freiburg.de\/wp-content\/uploads\/2026\/01\/2025_12_Jongliertreff_Laufkugel-1536x1027.jpeg 1536w, https:\/\/jonglieren-in-freiburg.de\/wp-content\/uploads\/2026\/01\/2025_12_Jongliertreff_Laufkugel-1200x802.jpeg 1200w, https:\/\/jonglieren-in-freiburg.de\/wp-content\/uploads\/2026\/01\/2025_12_Jongliertreff_Laufkugel.jpeg 1616w\" sizes=\"auto, (max-width: 709px) 85vw, (max-width: 909px) 67vw, (max-width: 1362px) 62vw, 840px\" \/><\/a><\/figure>\n\n\n\n<div class=\"wp-block-columns are-vertically-aligned-center is-layout-flex wp-container-core-columns-is-layout-9d6595d7 wp-block-columns-is-layout-flex\">\n<div class=\"wp-block-column is-vertically-aligned-center is-layout-flow wp-block-column-is-layout-flow\" style=\"flex-basis:100%\"><div class=\"wp-block-image\">\n<figure class=\"alignleft size-large is-resized\"><a href=\"https:\/\/signal.group\/#CjQKICJ-mLbsyKWIEP4PTyX0P0IT9g6Q2-wS6npmt7gWao5gEhDlkTBCKPCSk22e9iTLyHid\"><img decoding=\"async\" src=\"https:\/\/upload.wikimedia.org\/wikipedia\/commons\/8\/8d\/Signal-Logo.svg\" alt=\"\" style=\"width:75px;height:75px\"\/><\/a><\/figure>\n<\/div>\n\n\n<p><em>Mit unserer <a href=\"https:\/\/signal.group\/#CjQKICJ-mLbsyKWIEP4PTyX0P0IT9g6Q2-wS6npmt7gWao5gEhDlkTBCKPCSk22e9iTLyHid\">Signal-Messenger-Gruppe<\/a> kannst du immer auf dem laufenden bleiben was\/wann\/wo stattfindet.<\/em><\/p>\n<\/div>\n<\/div>\n\n\n\n<p><strong>Montags ab 19:30 h (kostenlos)<\/strong><br>Bei kaltem\/nassem Wetter <a rel=\"noreferrer noopener\" href=\"https:\/\/www.openstreetmap.org\/?mlat=48.00810&amp;mlon=7.81897#map=18\/48.00810\/7.81897\" target=\"_blank\">Studentensiedlung am Seepark im gro\u00dfen Saal, Haus 36<\/a>, bei warmen\/trockenem Wetter <a href=\"https:\/\/www.openstreetmap.org\/?mlat=48.01336&amp;mlon=7.81751#map=19\/48.01336\/7.81751\" target=\"_blank\" rel=\"noreferrer noopener\">im Seepark neben dem Seeparkstadion<\/a> mit Volleyclub.<\/p>\n\n\n\n<hr class=\"wp-block-separator has-css-opacity\"\/>\n\n\n\n<p><strong>Mittwochs ab 19:00 h (nur f\u00fcr Uni-Mitglieder, geb\u00fchrenpflichtig)<\/strong><br>Unisportgel\u00e4nde Halle II A <a rel=\"noreferrer noopener\" href=\"https:\/\/www.openstreetmap.org\/?mlat=47.99009&amp;mlon=7.88233#map=17\/47.99009\/7.88233\" target=\"_blank\">Schwarzwaldstr. 175<\/a> (<a rel=\"noreferrer noopener\" href=\"https:\/\/buchung.sport.uni-freiburg.de\/angebote\/aktueller_zeitraum\/_Jonglage.html\" target=\"_blank\">zur HSS Anmeldung<\/a>)<\/p>\n\n\n\n<hr class=\"wp-block-separator has-css-opacity\"\/>\n\n\n\n<p><strong>Donnerstags ab 19 h (kostenlos)<\/strong><br>Bei kaltem\/nassem Wetter <a href=\"https:\/\/osm.org\/go\/0DKF~8Tun--?m=\">Vigelisschule Bewegungshalle Feldbergstra\u00dfe 25a<\/a>, bei warmen\/trockenem Wetter <a rel=\"noreferrer noopener\" href=\"https:\/\/www.openstreetmap.org\/?mlat=48.01336&amp;mlon=7.81751#map=19\/48.01336\/7.81751\" target=\"_blank\">im Seepark neben dem Seeparkstadion<\/a>.<\/p>\n","protected":false},"excerpt":{"rendered":"<p>Mit unserer Signal-Messenger-Gruppe kannst du immer auf dem laufenden bleiben was\/wann\/wo stattfindet. Montags ab 19:30 h (kostenlos)Bei kaltem\/nassem Wetter Studentensiedlung am Seepark im gro\u00dfen Saal, Haus 36, bei warmen\/trockenem Wetter im Seepark neben dem Seeparkstadion mit Volleyclub. Mittwochs ab 19:00 h (nur f\u00fcr Uni-Mitglieder, geb\u00fchrenpflichtig)Unisportgel\u00e4nde Halle II A Schwarzwaldstr. 175 (zur HSS Anmeldung) Donnerstags ab &hellip; <a href=\"https:\/\/jonglieren-in-freiburg.de\/?page_id=34\" class=\"more-link\"><span class=\"screen-reader-text\">&#8222;W\u00f6chentliche Jongliertreffen in Freiburg&#8220; <\/span>weiterlesen<\/a><\/p>\n","protected":false},"author":1,"featured_media":0,"parent":0,"menu_order":1,"comment_status":"closed","ping_status":"closed","template":"","meta":{"ngg_post_thumbnail":0,"footnotes":""},"class_list":["post-34","page","type-page","status-publish","hentry"],"_links":{"self":[{"href":"https:\/\/jonglieren-in-freiburg.de\/index.php?rest_route=\/wp\/v2\/pages\/34","targetHints":{"allow":["GET"]}}],"collection":[{"href":"https:\/\/jonglieren-in-freiburg.de\/index.php?rest_route=\/wp\/v2\/pages"}],"about":[{"href":"https:\/\/jonglieren-in-freiburg.de\/index.php?rest_route=\/wp\/v2\/types\/page"}],"author":[{"embeddable":true,"href":"https:\/\/jonglieren-in-freiburg.de\/index.php?rest_route=\/wp\/v2\/users\/1"}],"replies":[{"embeddable":true,"href":"https:\/\/jonglieren-in-freiburg.de\/index.php?rest_route=%2Fwp%2Fv2%2Fcomments&post=34"}],"version-history":[{"count":73,"href":"https:\/\/jonglieren-in-freiburg.de\/index.php?rest_route=\/wp\/v2\/pages\/34\/revisions"}],"predecessor-version":[{"id":3032,"href":"https:\/\/jonglieren-in-freiburg.de\/index.php?rest_route=\/wp\/v2\/pages\/34\/revisions\/3032"}],"wp:attachment":[{"href":"https:\/\/jonglieren-in-freiburg.de\/index.php?rest_route=%2Fwp%2Fv2%2Fmedia&parent=34"}],"curies":[{"name":"wp","href":"https:\/\/api.w.org\/{rel}","templated":true}]}}