{"id":3,"date":"2010-03-09T19:58:54","date_gmt":"2010-03-09T19:58:54","guid":{"rendered":"https:\/\/jonglieren-in-freiburg.de\/?page_id=3"},"modified":"2026-04-17T11:47:21","modified_gmt":"2026-04-17T11:47:21","slug":"willkommen","status":"publish","type":"page","link":"https:\/\/jonglieren-in-freiburg.de\/","title":{"rendered":"Willkommen"},"content":{"rendered":"<p style=\"text-align: left;\"><img loading=\"lazy\" decoding=\"async\" class=\"alignleft wp-image-1156 size-medium\" src=\"https:\/\/jonglieren-in-freiburg.de\/wp-content\/uploads\/2018\/03\/IMG_8848-1-e1545051959614-300x211.jpg\" alt=\"\" width=\"300\" height=\"211\" srcset=\"https:\/\/jonglieren-in-freiburg.de\/wp-content\/uploads\/2018\/03\/IMG_8848-1-e1545051959614-300x211.jpg 300w, https:\/\/jonglieren-in-freiburg.de\/wp-content\/uploads\/2018\/03\/IMG_8848-1-e1545051959614-768x539.jpg 768w, https:\/\/jonglieren-in-freiburg.de\/wp-content\/uploads\/2018\/03\/IMG_8848-1-e1545051959614-1024x719.jpg 1024w, https:\/\/jonglieren-in-freiburg.de\/wp-content\/uploads\/2018\/03\/IMG_8848-1-e1545051959614-1200x842.jpg 1200w\" sizes=\"auto, (max-width: 300px) 85vw, 300px\" \/>Hier finden Jonglierbegeisterte Informationen \u00fcber <a title=\"Jongliertreffen\" href=\"https:\/\/jonglieren-in-freiburg.de\/?page_id=34\" target=\"_self\" rel=\"noopener noreferrer\">Jonglierm\u00f6glichkeiten <\/a>und Termine rund ums Jonglieren in Freiburg und Umgebung. Auch findet ihr auf dieser Seite alle wichtigen Informationen zum j\u00e4hrlichen <a href=\"https:\/\/jonglieren-in-freiburg.de\/?page_id=20\">Freiburger Jonglierfestival<\/a>.<\/p>\n<p style=\"text-align: left;\">F\u00fcr unser j\u00e4hrliches Festival erwarten wir Jongleure und Jongleurinnen aller Disziplinen in den Sportanlagen der Wentzinger Schulen, um sich auszutauschen und zahlreiche Events gemeinsam zu erleben. Wir freuen uns auf eine tolle <a href=\"https:\/\/jonglieren-in-freiburg.de\/?page_id=20\">Jonglierconvention<\/a> mit euch vom 3.-7. Juni 2026!<\/p>\n<p style=\"text-align: center;\"><a href=\"https:\/\/jonglieren-in-freiburg.de\/?page_id=43\">Die Festival-Anmeldung ist er\u00f6ffnet!<\/a><\/p>\n<h2 style=\"text-align: left;\"><strong>Monatlicher offener Artistik-Tag<\/strong><\/h2>\n<p><strong>N\u00e4chster Termin: Sonntag, 26.04.2026 in der Karlschule<\/strong>.<\/p>\n<p style=\"text-align: left;\"><a href=\"https:\/\/jonglieren-in-freiburg.de\/wp-content\/uploads\/2026\/04\/Offener-Artistik-Tag-Apr26.png\"><img loading=\"lazy\" decoding=\"async\" class=\"size-medium wp-image-3150 alignleft\" src=\"https:\/\/jonglieren-in-freiburg.de\/wp-content\/uploads\/2026\/04\/Offener-Artistik-Tag-Apr26-300x300.png\" alt=\"\" width=\"300\" height=\"300\" srcset=\"https:\/\/jonglieren-in-freiburg.de\/wp-content\/uploads\/2026\/04\/Offener-Artistik-Tag-Apr26-300x300.png 300w, https:\/\/jonglieren-in-freiburg.de\/wp-content\/uploads\/2026\/04\/Offener-Artistik-Tag-Apr26-1024x1024.png 1024w, https:\/\/jonglieren-in-freiburg.de\/wp-content\/uploads\/2026\/04\/Offener-Artistik-Tag-Apr26-150x150.png 150w, https:\/\/jonglieren-in-freiburg.de\/wp-content\/uploads\/2026\/04\/Offener-Artistik-Tag-Apr26-768x768.png 768w, https:\/\/jonglieren-in-freiburg.de\/wp-content\/uploads\/2026\/04\/Offener-Artistik-Tag-Apr26.png 1080w\" sizes=\"auto, (max-width: 300px) 85vw, 300px\" \/><\/a>In den Wintermonaten versuchen wir, einmal monatlich zusammenzukommen zum gemeinsamen Training, Austausch, Spielen, f\u00fcr Workshops oder einfach zum Kennenlernen und Abh\u00e4ngen.<\/p>\n<p style=\"text-align: left;\">Zirkusequipment zum Verleihen k\u00f6nnen wir leider nicht ausreichend anbieten, daher bitte alles selbst mitbringen, was ihr benutzen wollt (B\u00e4lle, Keulen, Diabolos, Einr\u00e4der, Frisbees, Poi, etc.). Die Halle ist allerdings mit gew\u00f6hnlichen Matten und K\u00e4sten ausgestattet. Luftaufh\u00e4ngungen sind auch vorhanden.<\/p>\n\n\n<p><strong>WO?<\/strong> Im April 2026: Karlschule (Karlstra\u00dfe 16), N\u00e4he Stadtgarten (in anderen Monaten machnmal in der Turnhalle der Wentzinger Schulen, Falkenbergerstra\u00dfe 21B, Freiburg, N\u00e4he Seepark)<br><strong>WANN?<\/strong> Im April 2026, am 26.04. In den kalten Monaten grunds\u00e4tzlich einmal pro Monat &#8211; samstags oder sonntags.<br><strong>Eintritt frei<\/strong> und ohne Anmeldung &#8211; Teilnahme am offenen Training auf <strong>eigenes Risiko.<\/strong><\/p>\n\n\n\n<p>Wenn ihr noch Fragen, Tipps oder Anregungen f\u00fcr unsere Konvention habt, dann k\u00f6nnt ihr gerne mit uns <a href=\"https:\/\/jonglieren-in-freiburg.de\/?page_id=8\">Kontakt<\/a> aufnehmen.<\/p>\n","protected":false},"excerpt":{"rendered":"<p>Hier finden Jonglierbegeisterte Informationen \u00fcber Jonglierm\u00f6glichkeiten und Termine rund ums Jonglieren in Freiburg und Umgebung. Auch findet ihr auf dieser Seite alle wichtigen Informationen zum j\u00e4hrlichen Freiburger Jonglierfestival. F\u00fcr unser j\u00e4hrliches Festival erwarten wir Jongleure und Jongleurinnen aller Disziplinen in den Sportanlagen der Wentzinger Schulen, um sich auszutauschen und zahlreiche Events gemeinsam zu erleben. Wir &hellip; <a href=\"https:\/\/jonglieren-in-freiburg.de\/\" class=\"more-link\"><span class=\"screen-reader-text\">&#8222;Willkommen&#8220; <\/span>weiterlesen<\/a><\/p>\n","protected":false},"author":1,"featured_media":0,"parent":0,"menu_order":0,"comment_status":"closed","ping_status":"closed","template":"","meta":{"ngg_post_thumbnail":0,"footnotes":""},"class_list":["post-3","page","type-page","status-publish","hentry"],"_links":{"self":[{"href":"https:\/\/jonglieren-in-freiburg.de\/index.php?rest_route=\/wp\/v2\/pages\/3","targetHints":{"allow":["GET"]}}],"collection":[{"href":"https:\/\/jonglieren-in-freiburg.de\/index.php?rest_route=\/wp\/v2\/pages"}],"about":[{"href":"https:\/\/jonglieren-in-freiburg.de\/index.php?rest_route=\/wp\/v2\/types\/page"}],"author":[{"embeddable":true,"href":"https:\/\/jonglieren-in-freiburg.de\/index.php?rest_route=\/wp\/v2\/users\/1"}],"replies":[{"embeddable":true,"href":"https:\/\/jonglieren-in-freiburg.de\/index.php?rest_route=%2Fwp%2Fv2%2Fcomments&post=3"}],"version-history":[{"count":160,"href":"https:\/\/jonglieren-in-freiburg.de\/index.php?rest_route=\/wp\/v2\/pages\/3\/revisions"}],"predecessor-version":[{"id":3152,"href":"https:\/\/jonglieren-in-freiburg.de\/index.php?rest_route=\/wp\/v2\/pages\/3\/revisions\/3152"}],"wp:attachment":[{"href":"https:\/\/jonglieren-in-freiburg.de\/index.php?rest_route=%2Fwp%2Fv2%2Fmedia&parent=3"}],"curies":[{"name":"wp","href":"https:\/\/api.w.org\/{rel}","templated":true}]}}