{"id":25,"date":"2010-03-10T16:33:54","date_gmt":"2010-03-10T16:33:54","guid":{"rendered":"https:\/\/jonglieren-in-freiburg.de\/?page_id=25"},"modified":"2026-02-14T16:42:26","modified_gmt":"2026-02-14T16:42:26","slug":"public-show","status":"publish","type":"page","link":"https:\/\/jonglieren-in-freiburg.de\/?page_id=25","title":{"rendered":"Shows"},"content":{"rendered":"<figure id=\"attachment_300\" aria-describedby=\"caption-attachment-300\" style=\"width: 388px\" class=\"wp-caption alignnone\"><a href=\"https:\/\/jonglieren-in-freiburg.de\/wp-content\/uploads\/2010\/03\/FabiFlender_Feb2011_klein.jpg\"><img loading=\"lazy\" decoding=\"async\" class=\"wp-image-300 size-full\" title=\"FabiFlender_Feb2011_klein\" src=\"https:\/\/jonglieren-in-freiburg.de\/wp-content\/uploads\/2010\/03\/FabiFlender_Feb2011_klein.jpg\" width=\"388\" height=\"380\" srcset=\"https:\/\/jonglieren-in-freiburg.de\/wp-content\/uploads\/2010\/03\/FabiFlender_Feb2011_klein.jpg 388w, https:\/\/jonglieren-in-freiburg.de\/wp-content\/uploads\/2010\/03\/FabiFlender_Feb2011_klein-300x293.jpg 300w\" sizes=\"auto, (max-width: 388px) 85vw, 388px\" \/><\/a><figcaption id=\"caption-attachment-300\" class=\"wp-caption-text\">Foto: Alex Koch, Jongleur: Fabian Flender<\/figcaption><\/figure>\n<h2 id=\"openstage\">Die Open Stage<\/h2>\n<p><a href=\"https:\/\/jonglieren-in-freiburg.de\/wp-content\/uploads\/2023\/06\/resized068.jpg\"><img loading=\"lazy\" decoding=\"async\" class=\"alignnone size-medium wp-image-2797\" src=\"https:\/\/jonglieren-in-freiburg.de\/wp-content\/uploads\/2023\/06\/resized068-300x200.jpg\" alt=\"\" width=\"300\" height=\"200\" srcset=\"https:\/\/jonglieren-in-freiburg.de\/wp-content\/uploads\/2023\/06\/resized068-300x200.jpg 300w, https:\/\/jonglieren-in-freiburg.de\/wp-content\/uploads\/2023\/06\/resized068-768x512.jpg 768w, https:\/\/jonglieren-in-freiburg.de\/wp-content\/uploads\/2023\/06\/resized068.jpg 1024w\" sizes=\"auto, (max-width: 300px) 85vw, 300px\" \/><\/a><\/p>\n<p>Das Festivalprogramm umfasst auch eine offene B\u00fchne, auf der wirklich jede und jeder die eigene Nummer zeigen und ausprobieren kann. Wir sorgen dabei f\u00fcr eine entspannte Atmosph\u00e4re mit netter Moderation und nat\u00fcrlich allem, was zu einer B\u00fchne an Ton und Licht geh\u00f6rt. Falls ihr auftreten m\u00f6chtet, meldet euch gerne via <a href=\"https:\/\/jonglieren-in-freiburg.de\/?page_id=8\">Mail<\/a> oder sagt bei der Anmeldung Bescheid. Die offene B\u00fchne ist Teil des Festivals und nur f\u00fcr dessen Teilnehmende zug\u00e4nglich.<\/p>\n<p>Wenn dich interessiert wie die Shows in den Zeitplan passen geht es <a href=\"https:\/\/jonglieren-in-freiburg.de\/?page_id=22\">hier<\/a> zum Programm.<\/p>\n<h2>Profi Show<\/h2>\n<p>2024 gab es neben der Openstage am Freitag Abend noch professionelle Shows von ca. 45 Min. Hier durften wir <a href=\"https:\/\/www.anni-juggling.de\">Anni K\u00fcpper<\/a> und <a href=\"https:\/\/fourstringcompany.com\">FourStringCompany<\/a> begr\u00fc\u00dfen.<\/p>\n<h2>Ort<\/h2>\n<p>Die Shows finden in der gro\u00dfen Halle der Wenzingerschule statt.<\/p>\n<p>&nbsp;<\/p>\n\n\n<p><\/p>\n","protected":false},"excerpt":{"rendered":"<p>Die Open Stage Das Festivalprogramm umfasst auch eine offene B\u00fchne, auf der wirklich jede und jeder die eigene Nummer zeigen und ausprobieren kann. Wir sorgen dabei f\u00fcr eine entspannte Atmosph\u00e4re mit netter Moderation und nat\u00fcrlich allem, was zu einer B\u00fchne an Ton und Licht geh\u00f6rt. Falls ihr auftreten m\u00f6chtet, meldet euch gerne via Mail oder &hellip; <a href=\"https:\/\/jonglieren-in-freiburg.de\/?page_id=25\" class=\"more-link\"><span class=\"screen-reader-text\">&#8222;Shows&#8220; <\/span>weiterlesen<\/a><\/p>\n","protected":false},"author":1,"featured_media":0,"parent":22,"menu_order":3,"comment_status":"closed","ping_status":"closed","template":"","meta":{"ngg_post_thumbnail":0,"footnotes":""},"class_list":["post-25","page","type-page","status-publish","hentry"],"_links":{"self":[{"href":"https:\/\/jonglieren-in-freiburg.de\/index.php?rest_route=\/wp\/v2\/pages\/25","targetHints":{"allow":["GET"]}}],"collection":[{"href":"https:\/\/jonglieren-in-freiburg.de\/index.php?rest_route=\/wp\/v2\/pages"}],"about":[{"href":"https:\/\/jonglieren-in-freiburg.de\/index.php?rest_route=\/wp\/v2\/types\/page"}],"author":[{"embeddable":true,"href":"https:\/\/jonglieren-in-freiburg.de\/index.php?rest_route=\/wp\/v2\/users\/1"}],"replies":[{"embeddable":true,"href":"https:\/\/jonglieren-in-freiburg.de\/index.php?rest_route=%2Fwp%2Fv2%2Fcomments&post=25"}],"version-history":[{"count":74,"href":"https:\/\/jonglieren-in-freiburg.de\/index.php?rest_route=\/wp\/v2\/pages\/25\/revisions"}],"predecessor-version":[{"id":3046,"href":"https:\/\/jonglieren-in-freiburg.de\/index.php?rest_route=\/wp\/v2\/pages\/25\/revisions\/3046"}],"up":[{"embeddable":true,"href":"https:\/\/jonglieren-in-freiburg.de\/index.php?rest_route=\/wp\/v2\/pages\/22"}],"wp:attachment":[{"href":"https:\/\/jonglieren-in-freiburg.de\/index.php?rest_route=%2Fwp%2Fv2%2Fmedia&parent=25"}],"curies":[{"name":"wp","href":"https:\/\/api.w.org\/{rel}","templated":true}]}}