{"id":22,"date":"2010-03-10T16:29:44","date_gmt":"2010-03-10T16:29:44","guid":{"rendered":"https:\/\/jonglieren-in-freiburg.de\/?page_id=22"},"modified":"2026-03-21T10:27:16","modified_gmt":"2026-03-21T10:27:16","slug":"programm","status":"publish","type":"page","link":"https:\/\/jonglieren-in-freiburg.de\/?page_id=22","title":{"rendered":"Programm"},"content":{"rendered":"<div class=\"wp-block-image\">\n<figure class=\"aligncenter size-full is-resized\"><a href=\"https:\/\/jonglieren-in-freiburg.de\/wp-content\/uploads\/2023\/06\/resized023-1.jpg\"><img loading=\"lazy\" decoding=\"async\" width=\"1024\" height=\"683\" src=\"https:\/\/jonglieren-in-freiburg.de\/wp-content\/uploads\/2023\/06\/resized023-1.jpg\" alt=\"\" class=\"wp-image-2754\" style=\"width:481px;height:321px\" srcset=\"https:\/\/jonglieren-in-freiburg.de\/wp-content\/uploads\/2023\/06\/resized023-1.jpg 1024w, https:\/\/jonglieren-in-freiburg.de\/wp-content\/uploads\/2023\/06\/resized023-1-300x200.jpg 300w, https:\/\/jonglieren-in-freiburg.de\/wp-content\/uploads\/2023\/06\/resized023-1-768x512.jpg 768w\" sizes=\"auto, (max-width: 709px) 85vw, (max-width: 909px) 67vw, (max-width: 1362px) 62vw, 840px\" \/><\/a><\/figure>\n<\/div>\n\n\n<p>Uns steht ein langes Wochenende mit buntem und vielf\u00e4ltigem Programm bevor. Wir sind mit der Planung noch nicht fertig, es k\u00f6nnte sich also an dem Plan noch etwas \u00e4ndern. Kleinere Events wie <a href=\"https:\/\/jonglieren-in-freiburg.de\/?page_id=72\">Workshops <\/a>werden vor Ort an einer Workshopwand ausgeh\u00e4ngt.<\/p>\n\n\n\n<p>Hier seht ihr den Plan des <strong>vergangenen Festivals 2024<\/strong>:<\/p>\n\n\n\n<h2 class=\"wp-block-heading\">Mittwoch, 3.6.<\/h2>\n\n\n\n<ul class=\"wp-block-list\">\n<li><strong>17:00 Uhr<\/strong> Beginn<\/li>\n<\/ul>\n\n\n\n<h2 class=\"wp-block-heading\">Donnerstag, 4.6.<\/h2>\n\n\n\n<ul class=\"wp-block-list\">\n<li><strong>08:30 \u2013 12:00 Uhr<\/strong> Fr\u00fchst\u00fcck<\/li>\n\n\n\n<li><strong>14:00 Uhr<\/strong> Parade um den See<\/li>\n\n\n\n<li><strong>21:00 Uhr<\/strong> Firespace (ab 01:00 Uhr mit leiser Musik)<\/li>\n<\/ul>\n\n\n\n<h2 class=\"wp-block-heading\">Freitag, 5.6.<\/h2>\n\n\n\n<ul class=\"wp-block-list\">\n<li><strong>08:30 \u2013 12:00 Uhr<\/strong> Fr\u00fchst\u00fcck<\/li>\n\n\n\n<li><strong>20:00 Uhr<\/strong> Show<\/li>\n\n\n\n<li><strong>21:00 Uhr<\/strong> Firespace (ab 01:00 Uhr mit leiser Musik)<\/li>\n\n\n\n<li><strong>22:00 Uhr<\/strong> Silent Disco<\/li>\n<\/ul>\n\n\n\n<h2 class=\"wp-block-heading\">Samstag, 6.6.<\/h2>\n\n\n\n<ul class=\"wp-block-list\">\n<li><strong>08:30 \u2013 12:00 Uhr<\/strong> Fr\u00fchst\u00fcck<\/li>\n\n\n\n<li><strong>13:00 Uhr<\/strong> Volleyclub-Turnier<\/li>\n\n\n\n<li><strong>20:00 Uhr<\/strong> <a href=\"https:\/\/jonglieren-in-freiburg.de\/?page_id=25\" data-type=\"page\" data-id=\"25\">Open Stage<\/a><\/li>\n\n\n\n<li><strong>21:00 Uhr<\/strong> Firespace (ab 01:00 Uhr mit leiser Musik)<\/li>\n\n\n\n<li><strong>23:00 Uhr<\/strong> Fight Night<\/li>\n<\/ul>\n\n\n\n<h2 class=\"wp-block-heading\">Sonntag, 7.6.<\/h2>\n\n\n\n<ul class=\"wp-block-list\">\n<li><strong>08:30 \u2013 12:00 Uhr<\/strong> Fr\u00fchst\u00fcck<\/li>\n\n\n\n<li><strong>12:00 Uhr<\/strong> Schlafhalle schlie\u00dft<\/li>\n\n\n\n<li><strong>13:00 Uhr<\/strong> Jonglierspiele<\/li>\n\n\n\n<li><strong>15:00 Uhr<\/strong> Ende\/Aufr\u00e4umen<\/li>\n<\/ul>\n","protected":false},"excerpt":{"rendered":"<p>Uns steht ein langes Wochenende mit buntem und vielf\u00e4ltigem Programm bevor. Wir sind mit der Planung noch nicht fertig, es k\u00f6nnte sich also an dem Plan noch etwas \u00e4ndern. Kleinere Events wie Workshops werden vor Ort an einer Workshopwand ausgeh\u00e4ngt. Hier seht ihr den Plan des vergangenen Festivals 2024: Mittwoch, 3.6. Donnerstag, 4.6. Freitag, 5.6. &hellip; <a href=\"https:\/\/jonglieren-in-freiburg.de\/?page_id=22\" class=\"more-link\"><span class=\"screen-reader-text\">&#8222;Programm&#8220; <\/span>weiterlesen<\/a><\/p>\n","protected":false},"author":1,"featured_media":0,"parent":20,"menu_order":20,"comment_status":"closed","ping_status":"closed","template":"","meta":{"ngg_post_thumbnail":0,"footnotes":""},"class_list":["post-22","page","type-page","status-publish","hentry"],"_links":{"self":[{"href":"https:\/\/jonglieren-in-freiburg.de\/index.php?rest_route=\/wp\/v2\/pages\/22","targetHints":{"allow":["GET"]}}],"collection":[{"href":"https:\/\/jonglieren-in-freiburg.de\/index.php?rest_route=\/wp\/v2\/pages"}],"about":[{"href":"https:\/\/jonglieren-in-freiburg.de\/index.php?rest_route=\/wp\/v2\/types\/page"}],"author":[{"embeddable":true,"href":"https:\/\/jonglieren-in-freiburg.de\/index.php?rest_route=\/wp\/v2\/users\/1"}],"replies":[{"embeddable":true,"href":"https:\/\/jonglieren-in-freiburg.de\/index.php?rest_route=%2Fwp%2Fv2%2Fcomments&post=22"}],"version-history":[{"count":84,"href":"https:\/\/jonglieren-in-freiburg.de\/index.php?rest_route=\/wp\/v2\/pages\/22\/revisions"}],"predecessor-version":[{"id":3122,"href":"https:\/\/jonglieren-in-freiburg.de\/index.php?rest_route=\/wp\/v2\/pages\/22\/revisions\/3122"}],"up":[{"embeddable":true,"href":"https:\/\/jonglieren-in-freiburg.de\/index.php?rest_route=\/wp\/v2\/pages\/20"}],"wp:attachment":[{"href":"https:\/\/jonglieren-in-freiburg.de\/index.php?rest_route=%2Fwp%2Fv2%2Fmedia&parent=22"}],"curies":[{"name":"wp","href":"https:\/\/api.w.org\/{rel}","templated":true}]}}