{"id":20,"date":"2010-03-10T16:26:18","date_gmt":"2010-03-10T16:26:18","guid":{"rendered":"https:\/\/jonglieren-in-freiburg.de\/?page_id=20"},"modified":"2026-04-01T20:05:13","modified_gmt":"2026-04-01T20:05:13","slug":"idee-des-festivals","status":"publish","type":"page","link":"https:\/\/jonglieren-in-freiburg.de\/?page_id=20","title":{"rendered":"Das Jonglierfestival"},"content":{"rendered":"\n<figure class=\"wp-block-image is-resized\"><a href=\"https:\/\/jonglieren-in-freiburg.de\/wp-content\/uploads\/2023\/06\/resized025-1.jpg\"><img loading=\"lazy\" decoding=\"async\" width=\"300\" height=\"200\" src=\"https:\/\/jonglieren-in-freiburg.de\/wp-content\/uploads\/2023\/06\/resized025-1-300x200.jpg\" alt=\"\" class=\"wp-image-2749\" style=\"aspect-ratio:1.5000000455939926;width:630px;height:auto\" srcset=\"https:\/\/jonglieren-in-freiburg.de\/wp-content\/uploads\/2023\/06\/resized025-1-300x200.jpg 300w, https:\/\/jonglieren-in-freiburg.de\/wp-content\/uploads\/2023\/06\/resized025-1-768x512.jpg 768w, https:\/\/jonglieren-in-freiburg.de\/wp-content\/uploads\/2023\/06\/resized025-1.jpg 1024w\" sizes=\"auto, (max-width: 300px) 85vw, 300px\" \/><\/a><\/figure>\n\n\n\n<p><\/p>\n\n\n\n<p>Das Freiburger Jonglierfestival ist ein j\u00e4hrliches Treffen, ins Leben gerufen und organisiert von Jonglierbegeisterten f\u00fcr Jonglierbegeisterte &#8211; und f\u00fcr alle, die es werden m\u00f6chten.<\/p>\n\n\n\n<p class=\"has-text-align-center\"><strong>Das 26. Freiburger Jonglierfestival findet vom 3.-7. Juni 2026 statt!<\/strong><br><a href=\"https:\/\/pretix.conventiontickets.de\/freiburg\/JIF-26\/\" data-type=\"link\" data-id=\"https:\/\/pretix.conventiontickets.de\/freiburg\/JIF-26\/\">Die Anmeldung ist er\u00f6ffnet!<\/a><\/p>\n\n\n\n<p>Jede*r ist herzlich willkommen: vom Neugierigen, der zum ersten Mal einen Ball in die Luft wirft, bis zur preisgekr\u00f6nten Vollprofiartistin mit Variet\u00e9- und Zirkuserfahrung. Das Festival lebt vom Austausch unter Jongleur*innen, anderen Kleink\u00fcnstler*innen und allen Interessierten. Neben der <a href=\"https:\/\/jonglieren-in-freiburg.de\/?page_id=25\" target=\"_self\" rel=\"noopener noreferrer\">Open Stage<\/a>&nbsp; sind <a href=\"https:\/\/jonglieren-in-freiburg.de\/?page_id=72\" target=\"_self\" rel=\"noopener noreferrer\">Workshops<\/a>, Spiele und andere Aktionen fester Bestandteil des <a href=\"https:\/\/jonglieren-in-freiburg.de\/?page_id=22\" target=\"_self\" rel=\"noopener noreferrer\">Programms<\/a> f\u00fcr dieses au\u00dfergew\u00f6hnliche Wochenende.<\/p>\n\n\n\n<p>Wir konnten gl\u00fccklicherweise trotz Inflation unsere Preise f\u00fcr das kommende Festival 2026 halten, sodass dieselben Preise wie 2024 gelten: Genaue Infos unter <a href=\"https:\/\/jonglieren-in-freiburg.de\/?page_id=43\">Preise und Anmeldung.<\/a> <br><\/p>\n\n\n\n<p><a href=\"https:\/\/pretix.conventiontickets.de\/freiburg\/JIF-26\/\" data-type=\"link\" data-id=\"https:\/\/pretix.conventiontickets.de\/freiburg\/JIF-26\/\">Direkt zur Anmeldung: Hier klicken!<\/a><br><\/p>\n","protected":false},"excerpt":{"rendered":"<p>Das Freiburger Jonglierfestival ist ein j\u00e4hrliches Treffen, ins Leben gerufen und organisiert von Jonglierbegeisterten f\u00fcr Jonglierbegeisterte &#8211; und f\u00fcr alle, die es werden m\u00f6chten. Das 26. Freiburger Jonglierfestival findet vom 3.-7. Juni 2026 statt!Die Anmeldung ist er\u00f6ffnet! Jede*r ist herzlich willkommen: vom Neugierigen, der zum ersten Mal einen Ball in die Luft wirft, bis zur &hellip; <a href=\"https:\/\/jonglieren-in-freiburg.de\/?page_id=20\" class=\"more-link\"><span class=\"screen-reader-text\">&#8222;Das Jonglierfestival&#8220; <\/span>weiterlesen<\/a><\/p>\n","protected":false},"author":1,"featured_media":0,"parent":0,"menu_order":5,"comment_status":"closed","ping_status":"closed","template":"","meta":{"ngg_post_thumbnail":0,"footnotes":""},"class_list":["post-20","page","type-page","status-publish","hentry"],"_links":{"self":[{"href":"https:\/\/jonglieren-in-freiburg.de\/index.php?rest_route=\/wp\/v2\/pages\/20","targetHints":{"allow":["GET"]}}],"collection":[{"href":"https:\/\/jonglieren-in-freiburg.de\/index.php?rest_route=\/wp\/v2\/pages"}],"about":[{"href":"https:\/\/jonglieren-in-freiburg.de\/index.php?rest_route=\/wp\/v2\/types\/page"}],"author":[{"embeddable":true,"href":"https:\/\/jonglieren-in-freiburg.de\/index.php?rest_route=\/wp\/v2\/users\/1"}],"replies":[{"embeddable":true,"href":"https:\/\/jonglieren-in-freiburg.de\/index.php?rest_route=%2Fwp%2Fv2%2Fcomments&post=20"}],"version-history":[{"count":54,"href":"https:\/\/jonglieren-in-freiburg.de\/index.php?rest_route=\/wp\/v2\/pages\/20\/revisions"}],"predecessor-version":[{"id":3145,"href":"https:\/\/jonglieren-in-freiburg.de\/index.php?rest_route=\/wp\/v2\/pages\/20\/revisions\/3145"}],"wp:attachment":[{"href":"https:\/\/jonglieren-in-freiburg.de\/index.php?rest_route=%2Fwp%2Fv2%2Fmedia&parent=20"}],"curies":[{"name":"wp","href":"https:\/\/api.w.org\/{rel}","templated":true}]}}