{"id":1501,"date":"2018-05-18T09:04:28","date_gmt":"2018-05-18T09:04:28","guid":{"rendered":"https:\/\/jonglieren-in-freiburg.de\/?page_id=1501"},"modified":"2018-12-22T11:11:13","modified_gmt":"2018-12-22T11:11:13","slug":"datenschutz","status":"publish","type":"page","link":"https:\/\/jonglieren-in-freiburg.de\/?page_id=1501","title":{"rendered":"Datenschutz"},"content":{"rendered":"<h3>Wir sind<\/h3>\n<p>der Jonglieren in Freiburg e.V. mit sitz im Riesenweg 8, 79110 Freiburg. Die Adresse unserer Website ist: https:\/\/jonglieren-in-freiburg.de.<\/p>\n<h3>Welche personenbezogenen Daten wir sammeln und warum wir sie sammeln<\/h3>\n<p>Personenbezogene Daten werden durch den Jonglieren in Freiburg e.V. nur im Rahmen der Festivalanmeldung erhoben und nur f\u00fcr die Festivalanmeldung, sowie zur Ank\u00fcndigung des jeweils n\u00e4chsten Festivals 1 Jahr gespeichert&nbsp; und f\u00fcr Anmeldelisten und einen Zahlungsabgleich mit dem Vereinskonto aufbereitet. Die erhobenen Daten beinhalten Name, Anschrift, Alter, IP-Adresse und E-Mailadresse. Eine weitergabe der Daten an Dritte, sowie die verwendung f\u00fcr Werbliche Zwecke (Werbung) findet nicht statt. Dies erfolgt auf Grundlage von Art. 6 Abs. 1 lit. b DSGVO, der die Verarbeitung von Daten zur Erf\u00fcllung eines Vertrags oder vorvertraglicher Ma\u00dfnahmen gestattet.&nbsp;<\/p>\n<p>Jeder Besuch unserer Internetpr\u00e4sens wird automatisch auf eine SSL- bzw. TLS-Verschl\u00fcsselte verbindung umgeleitet um die Daten\u00fcbertragung personenbezogener Daten abzusichern.<\/p>\n<p>Sie haben jederzeit das Recht auf informationen zu den zu Ihrer Person gespeichrten Daten, sowie deren L\u00f6schung zu beantragen. Schreiben sie uns hierzu einfach eine Mail an info [at] jonglieren-in-freiburg.de und wir l\u00f6schen ihre Daten umgehend.<\/p>\n<h3>Datenschutzbeauftragter im Sinn der DSGVO<\/h3>\n<p>Jonglieren in Freiburg e.V.<br \/>\nJulian Frey<br \/>\nRiesenweg 8<br \/>\n79110 Freiburg<\/p>\n<p>Email: info [at] jonglieren-in-freiburg.de<\/p>\n<p>&nbsp;<\/p>\n","protected":false},"excerpt":{"rendered":"<p>Wir sind der Jonglieren in Freiburg e.V. mit sitz im Riesenweg 8, 79110 Freiburg. Die Adresse unserer Website ist: https:\/\/jonglieren-in-freiburg.de. Welche personenbezogenen Daten wir sammeln und warum wir sie sammeln Personenbezogene Daten werden durch den Jonglieren in Freiburg e.V. nur im Rahmen der Festivalanmeldung erhoben und nur f\u00fcr die Festivalanmeldung, sowie zur Ank\u00fcndigung des jeweils &hellip; <a href=\"https:\/\/jonglieren-in-freiburg.de\/?page_id=1501\" class=\"more-link\"><span class=\"screen-reader-text\">&#8222;Datenschutz&#8220; <\/span>weiterlesen<\/a><\/p>\n","protected":false},"author":1,"featured_media":0,"parent":0,"menu_order":0,"comment_status":"closed","ping_status":"closed","template":"","meta":{"ngg_post_thumbnail":0,"footnotes":""},"class_list":["post-1501","page","type-page","status-publish","hentry"],"_links":{"self":[{"href":"https:\/\/jonglieren-in-freiburg.de\/index.php?rest_route=\/wp\/v2\/pages\/1501","targetHints":{"allow":["GET"]}}],"collection":[{"href":"https:\/\/jonglieren-in-freiburg.de\/index.php?rest_route=\/wp\/v2\/pages"}],"about":[{"href":"https:\/\/jonglieren-in-freiburg.de\/index.php?rest_route=\/wp\/v2\/types\/page"}],"author":[{"embeddable":true,"href":"https:\/\/jonglieren-in-freiburg.de\/index.php?rest_route=\/wp\/v2\/users\/1"}],"replies":[{"embeddable":true,"href":"https:\/\/jonglieren-in-freiburg.de\/index.php?rest_route=%2Fwp%2Fv2%2Fcomments&post=1501"}],"version-history":[{"count":2,"href":"https:\/\/jonglieren-in-freiburg.de\/index.php?rest_route=\/wp\/v2\/pages\/1501\/revisions"}],"predecessor-version":[{"id":1505,"href":"https:\/\/jonglieren-in-freiburg.de\/index.php?rest_route=\/wp\/v2\/pages\/1501\/revisions\/1505"}],"wp:attachment":[{"href":"https:\/\/jonglieren-in-freiburg.de\/index.php?rest_route=%2Fwp%2Fv2%2Fmedia&parent=1501"}],"curies":[{"name":"wp","href":"https:\/\/api.w.org\/{rel}","templated":true}]}}