{"id":1114,"date":"2018-02-17T11:28:03","date_gmt":"2018-02-17T11:28:03","guid":{"rendered":"https:\/\/jonglieren-in-freiburg.de\/?page_id=1114"},"modified":"2026-02-14T17:58:48","modified_gmt":"2026-02-14T17:58:48","slug":"resume-en-francais","status":"publish","type":"page","link":"https:\/\/jonglieren-in-freiburg.de\/?page_id=1114","title":{"rendered":"R\u00e9sum\u00e9 en fran\u00e7ais"},"content":{"rendered":"<p><a href=\"https:\/\/jonglieren-in-freiburg.de\/wp-content\/uploads\/2010\/03\/DSC_2278.jpg\"><img loading=\"lazy\" decoding=\"async\" class=\"aligncenter size-large wp-image-660\" src=\"https:\/\/jonglieren-in-freiburg.de\/wp-content\/uploads\/2010\/03\/DSC_2278-1024x678.jpg\" alt=\"\" width=\"840\" height=\"556\" srcset=\"https:\/\/jonglieren-in-freiburg.de\/wp-content\/uploads\/2010\/03\/DSC_2278-1024x678.jpg 1024w, https:\/\/jonglieren-in-freiburg.de\/wp-content\/uploads\/2010\/03\/DSC_2278-300x199.jpg 300w, https:\/\/jonglieren-in-freiburg.de\/wp-content\/uploads\/2010\/03\/DSC_2278-768x509.jpg 768w, https:\/\/jonglieren-in-freiburg.de\/wp-content\/uploads\/2010\/03\/DSC_2278-1200x795.jpg 1200w\" sizes=\"auto, (max-width: 709px) 85vw, (max-width: 909px) 67vw, (max-width: 1362px) 62vw, 840px\" \/><\/a><\/p>\n<p><span style=\"font-size: medium;\"><span lang=\"fr-LU\">Bienvenue sur la page web du club de jonglerie de Freiburg im Breisgau. Pendant toute l\u2019ann\u00e9e, nous offrons des <\/span><\/span><span style=\"font-size: medium;\"><span lang=\"fr-LU\"><b>entra\u00eenements de jonglerie<\/b><\/span><\/span><span style=\"font-size: medium;\"><span lang=\"fr-LU\"> \u00e0 plusieurs endroits de la ville. <\/span><\/span><span style=\"font-size: medium;\"><span lang=\"fr-CH\">Les horaires et adresses peuvent \u00eatre consult\u00e9s <\/span><\/span><span style=\"font-size: medium;\"><span lang=\"fr-CH\"><a href=\"https:\/\/jonglieren-in-freiburg.de\/?page_id=34\">ici<\/a>.<\/span><\/span><\/p>\n<p><span style=\"font-size: medium;\"><span lang=\"fr-LU\">En plus, nous organisons chaque ann\u00e9e un <\/span><\/span><span style=\"font-size: medium;\"><span lang=\"fr-LU\"><b>festival de jonglerie<\/b><\/span><\/span><span style=\"font-size: medium;\"><span lang=\"fr-LU\"> \u00e0 Freiburg. <strong>Cette ann\u00e9e, le festival aura lieu du 3 au 7 juin <\/strong><\/span><\/span><span style=\"font-size: medium;\"><span lang=\"fr-LU\">dans les gymnases de l&#8217;\u00e9cole \u00ab Wentzinger Gymnasium \u00bb (adresse : Falkenbergerstra\u00dfe 21, 79110 Fribourg-en-Brisgau, <a href=\"https:\/\/jonglieren-in-freiburg.de\/?page_id=87#map\" target=\"_blank\" rel=\"noopener noreferrer\">carte<\/a>).<\/span><\/span><span style=\"font-size: medium;\"><span lang=\"fr-LU\"><br \/>\n<\/span><\/span><\/p>\n<p><span style=\"font-size: medium;\"><span lang=\"fr-LU\">Environ 300 jongleurs de toute l\u2019Europe viendront \u00e0 Freiburg pendant ce week-end prolong\u00e9 pour pratiquer la jonglerie ensemble, participer \u00e0 des ateliers et assister \u00e0 plusieurs spectacles. Joins-toi \u00e0 cet \u00e9v\u00e8nement formidable!<\/span><\/span><\/p>\n<p><span style=\"font-size: medium;\"><span lang=\"fr-LU\">\u00c0 deux pas du site se situe un lac o\u00f9 tu peux te baigner ou jongler sous le soleil. <\/span><\/span><\/p>\n<p><span style=\"font-size: medium;\"><span lang=\"fr-LU\">Si tu d\u00e9sires montrer ton acte sur sc\u00e8ne ou organiser un atelier, contactes-nous sous <\/span><\/span><span style=\"font-size: medium;\"><span lang=\"fr-LU\">info[\u00e0t]jonglieren-in-freiburg.de<\/span><\/span><\/p>\n<p><a href=\"https:\/\/jonglieren-in-freiburg.de\/wp-content\/uploads\/2010\/03\/DSC01673.jpg\"><img loading=\"lazy\" decoding=\"async\" class=\"aligncenter size-large wp-image-653\" src=\"https:\/\/jonglieren-in-freiburg.de\/wp-content\/uploads\/2010\/03\/DSC01673-1024x683.jpg\" alt=\"\" width=\"840\" height=\"560\" srcset=\"https:\/\/jonglieren-in-freiburg.de\/wp-content\/uploads\/2010\/03\/DSC01673-1024x683.jpg 1024w, https:\/\/jonglieren-in-freiburg.de\/wp-content\/uploads\/2010\/03\/DSC01673-300x200.jpg 300w, https:\/\/jonglieren-in-freiburg.de\/wp-content\/uploads\/2010\/03\/DSC01673-768x512.jpg 768w, https:\/\/jonglieren-in-freiburg.de\/wp-content\/uploads\/2010\/03\/DSC01673-1200x800.jpg 1200w\" sizes=\"auto, (max-width: 709px) 85vw, (max-width: 909px) 67vw, (max-width: 1362px) 62vw, 840px\" \/><\/a><\/p>\n<p><span style=\"font-size: medium;\"><span lang=\"fr-LU\">Pour passer la nuit, nous offrons une salle s\u00e9par\u00e9e am\u00e9nag\u00e9e en dortoir. Pense \u00e0 apporter un sac de couchage ainsi qu\u2019un matelas, car il n\u2019y aura pas de lits. Tu peux \u00e9galement installer ta tente dans la cour de l\u2019\u00e9cole. Le petit-d\u00e9jeuner est inclus dans le prix.<\/span><\/span><\/p>\n<p><span style=\"font-size: medium;\"><span lang=\"fr-LU\">La r\u00e9gistration au pr\u00e9alable peut se faire en ligne \u00e0 un prix r\u00e9duit jusqu\u2019au 7 mai en remplissant. Si tu ne comprends pas l\u2019allemand, envoie-nous simplement un email avec ton nom et le ticket (voir plus bas) que tu d\u00e9sires acheter \u00e0 orga[\u00e0t]jonglieren-in-freiburg.de<\/span><\/span><\/p>\n<p><span style=\"font-size: medium;\"><span lang=\"fr-LU\">La r\u00e9gistration pourra aussi se faire sur place mais nous ne pouvons, dans ce cas, pas garantir qu\u2019il y aura encore des places libres dans le dortoir, car les places y sont limit\u00e9es! <\/span><\/span><\/p>\n<p>Voici les tarifs d&#8217;entr\u00e9e pour 2024. Cette ann\u00e9e, les prix pourraient l\u00e9g\u00e8rement varier.<\/p>\n<p><strong>Festivalticket&nbsp; incl. spectacles, petit dejeuner, dormir au gymnase ou dans votre tente priv\u00e9e (2024):<br \/>\n<\/strong>Mercredi au dimanche (5 jours) : 55\u20ac<br \/>\nJeudi \u00e0 dimanche (4 jours) : 45\u20ac<br \/>\nVendredi \u00e0 dimanche (3 jours) : 35\u20ac<\/p>\n<p><strong>Day pass avec spectacle, petit dejeuner, dormir au gymnase ou dans votre tente priv\u00e9e:<\/strong><br \/>\n15\u20ac<\/p>\n<p><strong>Day pass avec spectacle, mais sans petit-d\u00e9jeuner ni nuit\u00e9e:<br \/>\n<\/strong>5\u20ac<\/p>\n<p><em>Les enfants de 6 \u00e0 12 ans paient la moiti\u00e9 du prix normal.<br \/>\nLes enfants de moins de 6 ans ne paient pas d&#8217;entr\u00e9e<\/em><\/p>\n<p><strong>La pr\u00e9-inscription n&#8217;est pas encore ouvert! Si vous avez des questions, envoyez un mail \u00e0 info[\u00e0t]jonglieren-in-freiburg.de.<\/strong><\/p>\n","protected":false},"excerpt":{"rendered":"<p>Bienvenue sur la page web du club de jonglerie de Freiburg im Breisgau. Pendant toute l\u2019ann\u00e9e, nous offrons des entra\u00eenements de jonglerie \u00e0 plusieurs endroits de la ville. Les horaires et adresses peuvent \u00eatre consult\u00e9s ici. En plus, nous organisons chaque ann\u00e9e un festival de jonglerie \u00e0 Freiburg. Cette ann\u00e9e, le festival aura lieu du &hellip; <a href=\"https:\/\/jonglieren-in-freiburg.de\/?page_id=1114\" class=\"more-link\"><span class=\"screen-reader-text\">&#8222;R\u00e9sum\u00e9 en fran\u00e7ais&#8220; <\/span>weiterlesen<\/a><\/p>\n","protected":false},"author":1,"featured_media":0,"parent":0,"menu_order":0,"comment_status":"closed","ping_status":"closed","template":"","meta":{"ngg_post_thumbnail":0,"footnotes":""},"class_list":["post-1114","page","type-page","status-publish","hentry"],"_links":{"self":[{"href":"https:\/\/jonglieren-in-freiburg.de\/index.php?rest_route=\/wp\/v2\/pages\/1114","targetHints":{"allow":["GET"]}}],"collection":[{"href":"https:\/\/jonglieren-in-freiburg.de\/index.php?rest_route=\/wp\/v2\/pages"}],"about":[{"href":"https:\/\/jonglieren-in-freiburg.de\/index.php?rest_route=\/wp\/v2\/types\/page"}],"author":[{"embeddable":true,"href":"https:\/\/jonglieren-in-freiburg.de\/index.php?rest_route=\/wp\/v2\/users\/1"}],"replies":[{"embeddable":true,"href":"https:\/\/jonglieren-in-freiburg.de\/index.php?rest_route=%2Fwp%2Fv2%2Fcomments&post=1114"}],"version-history":[{"count":23,"href":"https:\/\/jonglieren-in-freiburg.de\/index.php?rest_route=\/wp\/v2\/pages\/1114\/revisions"}],"predecessor-version":[{"id":3097,"href":"https:\/\/jonglieren-in-freiburg.de\/index.php?rest_route=\/wp\/v2\/pages\/1114\/revisions\/3097"}],"wp:attachment":[{"href":"https:\/\/jonglieren-in-freiburg.de\/index.php?rest_route=%2Fwp%2Fv2%2Fmedia&parent=1114"}],"curies":[{"name":"wp","href":"https:\/\/api.w.org\/{rel}","templated":true}]}}